{"id":1233,"date":"2019-01-30T13:14:26","date_gmt":"2019-01-30T18:14:26","guid":{"rendered":"http:\/\/nutriquebec.com\/partenaires-financiers\/"},"modified":"2023-04-20T10:10:06","modified_gmt":"2023-04-20T15:10:06","slug":"partners","status":"publish","type":"page","link":"https:\/\/nutriquebec.com\/en\/partners\/","title":{"rendered":"Partners"},"content":{"rendered":"","protected":false},"excerpt":{"rendered":"","protected":false},"author":2,"featured_media":0,"parent":0,"menu_order":0,"comment_status":"closed","ping_status":"closed","template":"","meta":{"_acf_changed":false,"inline_featured_image":false,"footnotes":""},"class_list":["post-1233","page","type-page","status-publish","hentry"],"acf":[],"yoast_head":"<!-- This site is optimized with the Yoast SEO plugin v26.8 - https:\/\/yoast.com\/product\/yoast-seo-wordpress\/ -->\n<title>Partners - NutriQu\u00e9bec<\/title>\n<meta name=\"description\" content=\"NutriQu\u00e9bec is funded by public funds. The main funding comes from the Gouvernement du Qu\u00e9bec. The Cardiometabolic Health, Diabetes and Obesity Research Network (CMDO) is also providing financial support for the study. No private companies are involved in this project.\" \/>\n<meta name=\"robots\" content=\"index, follow, max-snippet:-1, max-image-preview:large, max-video-preview:-1\" \/>\n<link rel=\"canonical\" href=\"https:\/\/nutriquebec.com\/en\/partners\/\" \/>\n<meta property=\"og:locale\" content=\"en_US\" \/>\n<meta property=\"og:type\" content=\"article\" \/>\n<meta property=\"og:title\" content=\"Partners - NutriQu\u00e9bec\" \/>\n<meta property=\"og:description\" content=\"NutriQu\u00e9bec is funded by public funds. The main funding comes from the Gouvernement du Qu\u00e9bec. The Cardiometabolic Health, Diabetes and Obesity Research Network (CMDO) is also providing financial support for the study. No private companies are involved in this project.\" \/>\n<meta property=\"og:url\" content=\"https:\/\/nutriquebec.com\/en\/partners\/\" \/>\n<meta property=\"og:site_name\" content=\"NutriQu\u00e9bec\" \/>\n<meta property=\"article:publisher\" content=\"https:\/\/www.facebook.com\/NutriQuebec\/\" \/>\n<meta property=\"article:modified_time\" content=\"2023-04-20T15:10:06+00:00\" \/>\n<meta name=\"twitter:card\" content=\"summary_large_image\" \/>\n<script type=\"application\/ld+json\" class=\"yoast-schema-graph\">{\"@context\":\"https:\/\/schema.org\",\"@graph\":[{\"@type\":\"WebPage\",\"@id\":\"https:\/\/nutriquebec.com\/en\/partners\/\",\"url\":\"https:\/\/nutriquebec.com\/en\/partners\/\",\"name\":\"Partners - NutriQu\u00e9bec\",\"isPartOf\":{\"@id\":\"https:\/\/nutriquebec.com\/#website\"},\"datePublished\":\"2019-01-30T18:14:26+00:00\",\"dateModified\":\"2023-04-20T15:10:06+00:00\",\"description\":\"NutriQu\u00e9bec is funded by public funds. The main funding comes from the Gouvernement du Qu\u00e9bec. The Cardiometabolic Health, Diabetes and Obesity Research Network (CMDO) is also providing financial support for the study. No private companies are involved in this project.\",\"breadcrumb\":{\"@id\":\"https:\/\/nutriquebec.com\/en\/partners\/#breadcrumb\"},\"inLanguage\":\"en-US\",\"potentialAction\":[{\"@type\":\"ReadAction\",\"target\":[\"https:\/\/nutriquebec.com\/en\/partners\/\"]}]},{\"@type\":\"BreadcrumbList\",\"@id\":\"https:\/\/nutriquebec.com\/en\/partners\/#breadcrumb\",\"itemListElement\":[{\"@type\":\"ListItem\",\"position\":1,\"name\":\"Home\",\"item\":\"https:\/\/nutriquebec.com\/en\/\"},{\"@type\":\"ListItem\",\"position\":2,\"name\":\"Partners\"}]},{\"@type\":\"WebSite\",\"@id\":\"https:\/\/nutriquebec.com\/#website\",\"url\":\"https:\/\/nutriquebec.com\/\",\"name\":\"NutriQu\u00e9bec\",\"description\":\"\",\"publisher\":{\"@id\":\"https:\/\/nutriquebec.com\/#organization\"},\"potentialAction\":[{\"@type\":\"SearchAction\",\"target\":{\"@type\":\"EntryPoint\",\"urlTemplate\":\"https:\/\/nutriquebec.com\/?s={search_term_string}\"},\"query-input\":{\"@type\":\"PropertyValueSpecification\",\"valueRequired\":true,\"valueName\":\"search_term_string\"}}],\"inLanguage\":\"en-US\"},{\"@type\":\"Organization\",\"@id\":\"https:\/\/nutriquebec.com\/#organization\",\"name\":\"Institut sur la nutrition et les aliments fonctionnels\",\"url\":\"https:\/\/nutriquebec.com\/\",\"logo\":{\"@type\":\"ImageObject\",\"inLanguage\":\"en-US\",\"@id\":\"https:\/\/nutriquebec.com\/#\/schema\/logo\/image\/\",\"url\":\"https:\/\/nutriquebec.com\/wp-content\/uploads\/2019\/03\/INAF.png\",\"contentUrl\":\"https:\/\/nutriquebec.com\/wp-content\/uploads\/2019\/03\/INAF.png\",\"width\":581,\"height\":214,\"caption\":\"Institut sur la nutrition et les aliments fonctionnels\"},\"image\":{\"@id\":\"https:\/\/nutriquebec.com\/#\/schema\/logo\/image\/\"},\"sameAs\":[\"https:\/\/www.facebook.com\/NutriQuebec\/\"]}]}<\/script>\n<!-- \/ Yoast SEO plugin. -->","yoast_head_json":{"title":"Partners - NutriQu\u00e9bec","description":"NutriQu\u00e9bec is funded by public funds. The main funding comes from the Gouvernement du Qu\u00e9bec. The Cardiometabolic Health, Diabetes and Obesity Research Network (CMDO) is also providing financial support for the study. No private companies are involved in this project.","robots":{"index":"index","follow":"follow","max-snippet":"max-snippet:-1","max-image-preview":"max-image-preview:large","max-video-preview":"max-video-preview:-1"},"canonical":"https:\/\/nutriquebec.com\/en\/partners\/","og_locale":"en_US","og_type":"article","og_title":"Partners - NutriQu\u00e9bec","og_description":"NutriQu\u00e9bec is funded by public funds. The main funding comes from the Gouvernement du Qu\u00e9bec. The Cardiometabolic Health, Diabetes and Obesity Research Network (CMDO) is also providing financial support for the study. No private companies are involved in this project.","og_url":"https:\/\/nutriquebec.com\/en\/partners\/","og_site_name":"NutriQu\u00e9bec","article_publisher":"https:\/\/www.facebook.com\/NutriQuebec\/","article_modified_time":"2023-04-20T15:10:06+00:00","twitter_card":"summary_large_image","schema":{"@context":"https:\/\/schema.org","@graph":[{"@type":"WebPage","@id":"https:\/\/nutriquebec.com\/en\/partners\/","url":"https:\/\/nutriquebec.com\/en\/partners\/","name":"Partners - NutriQu\u00e9bec","isPartOf":{"@id":"https:\/\/nutriquebec.com\/#website"},"datePublished":"2019-01-30T18:14:26+00:00","dateModified":"2023-04-20T15:10:06+00:00","description":"NutriQu\u00e9bec is funded by public funds. The main funding comes from the Gouvernement du Qu\u00e9bec. The Cardiometabolic Health, Diabetes and Obesity Research Network (CMDO) is also providing financial support for the study. No private companies are involved in this project.","breadcrumb":{"@id":"https:\/\/nutriquebec.com\/en\/partners\/#breadcrumb"},"inLanguage":"en-US","potentialAction":[{"@type":"ReadAction","target":["https:\/\/nutriquebec.com\/en\/partners\/"]}]},{"@type":"BreadcrumbList","@id":"https:\/\/nutriquebec.com\/en\/partners\/#breadcrumb","itemListElement":[{"@type":"ListItem","position":1,"name":"Home","item":"https:\/\/nutriquebec.com\/en\/"},{"@type":"ListItem","position":2,"name":"Partners"}]},{"@type":"WebSite","@id":"https:\/\/nutriquebec.com\/#website","url":"https:\/\/nutriquebec.com\/","name":"NutriQu\u00e9bec","description":"","publisher":{"@id":"https:\/\/nutriquebec.com\/#organization"},"potentialAction":[{"@type":"SearchAction","target":{"@type":"EntryPoint","urlTemplate":"https:\/\/nutriquebec.com\/?s={search_term_string}"},"query-input":{"@type":"PropertyValueSpecification","valueRequired":true,"valueName":"search_term_string"}}],"inLanguage":"en-US"},{"@type":"Organization","@id":"https:\/\/nutriquebec.com\/#organization","name":"Institut sur la nutrition et les aliments fonctionnels","url":"https:\/\/nutriquebec.com\/","logo":{"@type":"ImageObject","inLanguage":"en-US","@id":"https:\/\/nutriquebec.com\/#\/schema\/logo\/image\/","url":"https:\/\/nutriquebec.com\/wp-content\/uploads\/2019\/03\/INAF.png","contentUrl":"https:\/\/nutriquebec.com\/wp-content\/uploads\/2019\/03\/INAF.png","width":581,"height":214,"caption":"Institut sur la nutrition et les aliments fonctionnels"},"image":{"@id":"https:\/\/nutriquebec.com\/#\/schema\/logo\/image\/"},"sameAs":["https:\/\/www.facebook.com\/NutriQuebec\/"]}]}},"_links":{"self":[{"href":"https:\/\/nutriquebec.com\/en\/wp-json\/wp\/v2\/pages\/1233","targetHints":{"allow":["GET"]}}],"collection":[{"href":"https:\/\/nutriquebec.com\/en\/wp-json\/wp\/v2\/pages"}],"about":[{"href":"https:\/\/nutriquebec.com\/en\/wp-json\/wp\/v2\/types\/page"}],"author":[{"embeddable":true,"href":"https:\/\/nutriquebec.com\/en\/wp-json\/wp\/v2\/users\/2"}],"replies":[{"embeddable":true,"href":"https:\/\/nutriquebec.com\/en\/wp-json\/wp\/v2\/comments?post=1233"}],"version-history":[{"count":12,"href":"https:\/\/nutriquebec.com\/en\/wp-json\/wp\/v2\/pages\/1233\/revisions"}],"predecessor-version":[{"id":2479,"href":"https:\/\/nutriquebec.com\/en\/wp-json\/wp\/v2\/pages\/1233\/revisions\/2479"}],"wp:attachment":[{"href":"https:\/\/nutriquebec.com\/en\/wp-json\/wp\/v2\/media?parent=1233"}],"curies":[{"name":"wp","href":"https:\/\/api.w.org\/{rel}","templated":true}]}}