{"id":1250,"date":"2019-01-28T09:57:51","date_gmt":"2019-01-28T14:57:51","guid":{"rendered":"http:\/\/nutriquebec.com\/presentation-du-projet\/"},"modified":"2022-12-08T11:09:52","modified_gmt":"2022-12-08T16:09:52","slug":"project-overview","status":"publish","type":"page","link":"https:\/\/nutriquebec.com\/en\/project-overview\/","title":{"rendered":"Project Overview"},"content":{"rendered":"","protected":false},"excerpt":{"rendered":"","protected":false},"author":2,"featured_media":0,"parent":0,"menu_order":0,"comment_status":"closed","ping_status":"closed","template":"","meta":{"_acf_changed":false,"inline_featured_image":false,"footnotes":""},"class_list":["post-1250","page","type-page","status-publish","hentry"],"acf":[],"yoast_head":"<!-- This site is optimized with the Yoast SEO plugin v26.8 - https:\/\/yoast.com\/product\/yoast-seo-wordpress\/ -->\n<title>Project Overview - NutriQu\u00e9bec<\/title>\n<meta name=\"description\" content=\"NutriQu\u00e9bec is the biggest project on diet and health of the Quebec population ever conducted. NutriQu\u00e9bec will collect information on health-related factors of thousands of Quebecers over a long period of time. This project will be carried out on Internet in a simple, secure and confidential way.\" \/>\n<meta name=\"robots\" content=\"index, follow, max-snippet:-1, max-image-preview:large, max-video-preview:-1\" \/>\n<link rel=\"canonical\" href=\"https:\/\/nutriquebec.com\/en\/project-overview\/\" \/>\n<meta property=\"og:locale\" content=\"en_US\" \/>\n<meta property=\"og:type\" content=\"article\" \/>\n<meta property=\"og:title\" content=\"Project Overview - NutriQu\u00e9bec\" \/>\n<meta property=\"og:description\" content=\"NutriQu\u00e9bec is the biggest project on diet and health of the Quebec population ever conducted. NutriQu\u00e9bec will collect information on health-related factors of thousands of Quebecers over a long period of time. This project will be carried out on Internet in a simple, secure and confidential way.\" \/>\n<meta property=\"og:url\" content=\"https:\/\/nutriquebec.com\/en\/project-overview\/\" \/>\n<meta property=\"og:site_name\" content=\"NutriQu\u00e9bec\" \/>\n<meta property=\"article:publisher\" content=\"https:\/\/www.facebook.com\/NutriQuebec\/\" \/>\n<meta property=\"article:modified_time\" content=\"2022-12-08T16:09:52+00:00\" \/>\n<meta name=\"twitter:card\" content=\"summary_large_image\" \/>\n<script type=\"application\/ld+json\" class=\"yoast-schema-graph\">{\"@context\":\"https:\/\/schema.org\",\"@graph\":[{\"@type\":\"WebPage\",\"@id\":\"https:\/\/nutriquebec.com\/en\/project-overview\/\",\"url\":\"https:\/\/nutriquebec.com\/en\/project-overview\/\",\"name\":\"Project Overview - NutriQu\u00e9bec\",\"isPartOf\":{\"@id\":\"https:\/\/nutriquebec.com\/#website\"},\"datePublished\":\"2019-01-28T14:57:51+00:00\",\"dateModified\":\"2022-12-08T16:09:52+00:00\",\"description\":\"NutriQu\u00e9bec is the biggest project on diet and health of the Quebec population ever conducted. NutriQu\u00e9bec will collect information on health-related factors of thousands of Quebecers over a long period of time. This project will be carried out on Internet in a simple, secure and confidential way.\",\"breadcrumb\":{\"@id\":\"https:\/\/nutriquebec.com\/en\/project-overview\/#breadcrumb\"},\"inLanguage\":\"en-US\",\"potentialAction\":[{\"@type\":\"ReadAction\",\"target\":[\"https:\/\/nutriquebec.com\/en\/project-overview\/\"]}]},{\"@type\":\"BreadcrumbList\",\"@id\":\"https:\/\/nutriquebec.com\/en\/project-overview\/#breadcrumb\",\"itemListElement\":[{\"@type\":\"ListItem\",\"position\":1,\"name\":\"Home\",\"item\":\"https:\/\/nutriquebec.com\/en\/\"},{\"@type\":\"ListItem\",\"position\":2,\"name\":\"Project Overview\"}]},{\"@type\":\"WebSite\",\"@id\":\"https:\/\/nutriquebec.com\/#website\",\"url\":\"https:\/\/nutriquebec.com\/\",\"name\":\"NutriQu\u00e9bec\",\"description\":\"\",\"publisher\":{\"@id\":\"https:\/\/nutriquebec.com\/#organization\"},\"potentialAction\":[{\"@type\":\"SearchAction\",\"target\":{\"@type\":\"EntryPoint\",\"urlTemplate\":\"https:\/\/nutriquebec.com\/?s={search_term_string}\"},\"query-input\":{\"@type\":\"PropertyValueSpecification\",\"valueRequired\":true,\"valueName\":\"search_term_string\"}}],\"inLanguage\":\"en-US\"},{\"@type\":\"Organization\",\"@id\":\"https:\/\/nutriquebec.com\/#organization\",\"name\":\"Institut sur la nutrition et les aliments fonctionnels\",\"url\":\"https:\/\/nutriquebec.com\/\",\"logo\":{\"@type\":\"ImageObject\",\"inLanguage\":\"en-US\",\"@id\":\"https:\/\/nutriquebec.com\/#\/schema\/logo\/image\/\",\"url\":\"https:\/\/nutriquebec.com\/wp-content\/uploads\/2019\/03\/INAF.png\",\"contentUrl\":\"https:\/\/nutriquebec.com\/wp-content\/uploads\/2019\/03\/INAF.png\",\"width\":581,\"height\":214,\"caption\":\"Institut sur la nutrition et les aliments fonctionnels\"},\"image\":{\"@id\":\"https:\/\/nutriquebec.com\/#\/schema\/logo\/image\/\"},\"sameAs\":[\"https:\/\/www.facebook.com\/NutriQuebec\/\"]}]}<\/script>\n<!-- \/ Yoast SEO plugin. -->","yoast_head_json":{"title":"Project Overview - NutriQu\u00e9bec","description":"NutriQu\u00e9bec is the biggest project on diet and health of the Quebec population ever conducted. NutriQu\u00e9bec will collect information on health-related factors of thousands of Quebecers over a long period of time. This project will be carried out on Internet in a simple, secure and confidential way.","robots":{"index":"index","follow":"follow","max-snippet":"max-snippet:-1","max-image-preview":"max-image-preview:large","max-video-preview":"max-video-preview:-1"},"canonical":"https:\/\/nutriquebec.com\/en\/project-overview\/","og_locale":"en_US","og_type":"article","og_title":"Project Overview - NutriQu\u00e9bec","og_description":"NutriQu\u00e9bec is the biggest project on diet and health of the Quebec population ever conducted. NutriQu\u00e9bec will collect information on health-related factors of thousands of Quebecers over a long period of time. This project will be carried out on Internet in a simple, secure and confidential way.","og_url":"https:\/\/nutriquebec.com\/en\/project-overview\/","og_site_name":"NutriQu\u00e9bec","article_publisher":"https:\/\/www.facebook.com\/NutriQuebec\/","article_modified_time":"2022-12-08T16:09:52+00:00","twitter_card":"summary_large_image","schema":{"@context":"https:\/\/schema.org","@graph":[{"@type":"WebPage","@id":"https:\/\/nutriquebec.com\/en\/project-overview\/","url":"https:\/\/nutriquebec.com\/en\/project-overview\/","name":"Project Overview - NutriQu\u00e9bec","isPartOf":{"@id":"https:\/\/nutriquebec.com\/#website"},"datePublished":"2019-01-28T14:57:51+00:00","dateModified":"2022-12-08T16:09:52+00:00","description":"NutriQu\u00e9bec is the biggest project on diet and health of the Quebec population ever conducted. NutriQu\u00e9bec will collect information on health-related factors of thousands of Quebecers over a long period of time. This project will be carried out on Internet in a simple, secure and confidential way.","breadcrumb":{"@id":"https:\/\/nutriquebec.com\/en\/project-overview\/#breadcrumb"},"inLanguage":"en-US","potentialAction":[{"@type":"ReadAction","target":["https:\/\/nutriquebec.com\/en\/project-overview\/"]}]},{"@type":"BreadcrumbList","@id":"https:\/\/nutriquebec.com\/en\/project-overview\/#breadcrumb","itemListElement":[{"@type":"ListItem","position":1,"name":"Home","item":"https:\/\/nutriquebec.com\/en\/"},{"@type":"ListItem","position":2,"name":"Project Overview"}]},{"@type":"WebSite","@id":"https:\/\/nutriquebec.com\/#website","url":"https:\/\/nutriquebec.com\/","name":"NutriQu\u00e9bec","description":"","publisher":{"@id":"https:\/\/nutriquebec.com\/#organization"},"potentialAction":[{"@type":"SearchAction","target":{"@type":"EntryPoint","urlTemplate":"https:\/\/nutriquebec.com\/?s={search_term_string}"},"query-input":{"@type":"PropertyValueSpecification","valueRequired":true,"valueName":"search_term_string"}}],"inLanguage":"en-US"},{"@type":"Organization","@id":"https:\/\/nutriquebec.com\/#organization","name":"Institut sur la nutrition et les aliments fonctionnels","url":"https:\/\/nutriquebec.com\/","logo":{"@type":"ImageObject","inLanguage":"en-US","@id":"https:\/\/nutriquebec.com\/#\/schema\/logo\/image\/","url":"https:\/\/nutriquebec.com\/wp-content\/uploads\/2019\/03\/INAF.png","contentUrl":"https:\/\/nutriquebec.com\/wp-content\/uploads\/2019\/03\/INAF.png","width":581,"height":214,"caption":"Institut sur la nutrition et les aliments fonctionnels"},"image":{"@id":"https:\/\/nutriquebec.com\/#\/schema\/logo\/image\/"},"sameAs":["https:\/\/www.facebook.com\/NutriQuebec\/"]}]}},"_links":{"self":[{"href":"https:\/\/nutriquebec.com\/en\/wp-json\/wp\/v2\/pages\/1250","targetHints":{"allow":["GET"]}}],"collection":[{"href":"https:\/\/nutriquebec.com\/en\/wp-json\/wp\/v2\/pages"}],"about":[{"href":"https:\/\/nutriquebec.com\/en\/wp-json\/wp\/v2\/types\/page"}],"author":[{"embeddable":true,"href":"https:\/\/nutriquebec.com\/en\/wp-json\/wp\/v2\/users\/2"}],"replies":[{"embeddable":true,"href":"https:\/\/nutriquebec.com\/en\/wp-json\/wp\/v2\/comments?post=1250"}],"version-history":[{"count":22,"href":"https:\/\/nutriquebec.com\/en\/wp-json\/wp\/v2\/pages\/1250\/revisions"}],"predecessor-version":[{"id":2432,"href":"https:\/\/nutriquebec.com\/en\/wp-json\/wp\/v2\/pages\/1250\/revisions\/2432"}],"wp:attachment":[{"href":"https:\/\/nutriquebec.com\/en\/wp-json\/wp\/v2\/media?parent=1250"}],"curies":[{"name":"wp","href":"https:\/\/api.w.org\/{rel}","templated":true}]}}