{"id":2078,"date":"2020-03-09T14:59:02","date_gmt":"2020-03-09T19:59:02","guid":{"rendered":"https:\/\/nutriquebec.com\/?page_id=2078"},"modified":"2023-04-20T09:08:38","modified_gmt":"2023-04-20T14:08:38","slug":"tools","status":"publish","type":"page","link":"https:\/\/nutriquebec.com\/en\/tools\/","title":{"rendered":"Tools"},"content":{"rendered":"","protected":false},"excerpt":{"rendered":"","protected":false},"author":3,"featured_media":0,"parent":0,"menu_order":0,"comment_status":"closed","ping_status":"closed","template":"","meta":{"_acf_changed":false,"inline_featured_image":false,"footnotes":""},"class_list":["post-2078","page","type-page","status-publish","hentry"],"acf":[],"yoast_head":"<!-- This site is optimized with the Yoast SEO plugin v26.8 - https:\/\/yoast.com\/product\/yoast-seo-wordpress\/ -->\n<title>Tools - NutriQu\u00e9bec<\/title>\n<meta name=\"description\" content=\"Acteurs de sant\u00e9 publique, professionnels de la sant\u00e9, chercheurs, vous pouvez vous abonner \u00e0 l&#039;infolettre afin d&#039;\u00eatre tenus inform\u00e9s des aspects scientifiques du projet. Vous pouvez \u00e9galement nous aider \u00e0 diffuser l&#039;annonce de recrutement et \u00e0 faire la promotion du projet en utilisant les outils disponibles ici bas.\" \/>\n<meta name=\"robots\" content=\"index, follow, max-snippet:-1, max-image-preview:large, max-video-preview:-1\" \/>\n<link rel=\"canonical\" href=\"https:\/\/nutriquebec.com\/en\/tools\/\" \/>\n<meta property=\"og:locale\" content=\"en_US\" \/>\n<meta property=\"og:type\" content=\"article\" \/>\n<meta property=\"og:title\" content=\"Tools - NutriQu\u00e9bec\" \/>\n<meta property=\"og:description\" content=\"Acteurs de sant\u00e9 publique, professionnels de la sant\u00e9, chercheurs, vous pouvez vous abonner \u00e0 l&#039;infolettre afin d&#039;\u00eatre tenus inform\u00e9s des aspects scientifiques du projet. Vous pouvez \u00e9galement nous aider \u00e0 diffuser l&#039;annonce de recrutement et \u00e0 faire la promotion du projet en utilisant les outils disponibles ici bas.\" \/>\n<meta property=\"og:url\" content=\"https:\/\/nutriquebec.com\/en\/tools\/\" \/>\n<meta property=\"og:site_name\" content=\"NutriQu\u00e9bec\" \/>\n<meta property=\"article:publisher\" content=\"https:\/\/www.facebook.com\/NutriQuebec\/\" \/>\n<meta property=\"article:modified_time\" content=\"2023-04-20T14:08:38+00:00\" \/>\n<meta name=\"twitter:card\" content=\"summary_large_image\" \/>\n<script type=\"application\/ld+json\" class=\"yoast-schema-graph\">{\"@context\":\"https:\/\/schema.org\",\"@graph\":[{\"@type\":\"WebPage\",\"@id\":\"https:\/\/nutriquebec.com\/en\/tools\/\",\"url\":\"https:\/\/nutriquebec.com\/en\/tools\/\",\"name\":\"Tools - NutriQu\u00e9bec\",\"isPartOf\":{\"@id\":\"https:\/\/nutriquebec.com\/#website\"},\"datePublished\":\"2020-03-09T19:59:02+00:00\",\"dateModified\":\"2023-04-20T14:08:38+00:00\",\"description\":\"Acteurs de sant\u00e9 publique, professionnels de la sant\u00e9, chercheurs, vous pouvez vous abonner \u00e0 l'infolettre afin d'\u00eatre tenus inform\u00e9s des aspects scientifiques du projet. Vous pouvez \u00e9galement nous aider \u00e0 diffuser l'annonce de recrutement et \u00e0 faire la promotion du projet en utilisant les outils disponibles ici bas.\",\"breadcrumb\":{\"@id\":\"https:\/\/nutriquebec.com\/en\/tools\/#breadcrumb\"},\"inLanguage\":\"en-US\",\"potentialAction\":[{\"@type\":\"ReadAction\",\"target\":[\"https:\/\/nutriquebec.com\/en\/tools\/\"]}]},{\"@type\":\"BreadcrumbList\",\"@id\":\"https:\/\/nutriquebec.com\/en\/tools\/#breadcrumb\",\"itemListElement\":[{\"@type\":\"ListItem\",\"position\":1,\"name\":\"Home\",\"item\":\"https:\/\/nutriquebec.com\/en\/\"},{\"@type\":\"ListItem\",\"position\":2,\"name\":\"Tools\"}]},{\"@type\":\"WebSite\",\"@id\":\"https:\/\/nutriquebec.com\/#website\",\"url\":\"https:\/\/nutriquebec.com\/\",\"name\":\"NutriQu\u00e9bec\",\"description\":\"\",\"publisher\":{\"@id\":\"https:\/\/nutriquebec.com\/#organization\"},\"potentialAction\":[{\"@type\":\"SearchAction\",\"target\":{\"@type\":\"EntryPoint\",\"urlTemplate\":\"https:\/\/nutriquebec.com\/?s={search_term_string}\"},\"query-input\":{\"@type\":\"PropertyValueSpecification\",\"valueRequired\":true,\"valueName\":\"search_term_string\"}}],\"inLanguage\":\"en-US\"},{\"@type\":\"Organization\",\"@id\":\"https:\/\/nutriquebec.com\/#organization\",\"name\":\"Institut sur la nutrition et les aliments fonctionnels\",\"url\":\"https:\/\/nutriquebec.com\/\",\"logo\":{\"@type\":\"ImageObject\",\"inLanguage\":\"en-US\",\"@id\":\"https:\/\/nutriquebec.com\/#\/schema\/logo\/image\/\",\"url\":\"https:\/\/nutriquebec.com\/wp-content\/uploads\/2019\/03\/INAF.png\",\"contentUrl\":\"https:\/\/nutriquebec.com\/wp-content\/uploads\/2019\/03\/INAF.png\",\"width\":581,\"height\":214,\"caption\":\"Institut sur la nutrition et les aliments fonctionnels\"},\"image\":{\"@id\":\"https:\/\/nutriquebec.com\/#\/schema\/logo\/image\/\"},\"sameAs\":[\"https:\/\/www.facebook.com\/NutriQuebec\/\"]}]}<\/script>\n<!-- \/ Yoast SEO plugin. -->","yoast_head_json":{"title":"Tools - NutriQu\u00e9bec","description":"Acteurs de sant\u00e9 publique, professionnels de la sant\u00e9, chercheurs, vous pouvez vous abonner \u00e0 l'infolettre afin d'\u00eatre tenus inform\u00e9s des aspects scientifiques du projet. Vous pouvez \u00e9galement nous aider \u00e0 diffuser l'annonce de recrutement et \u00e0 faire la promotion du projet en utilisant les outils disponibles ici bas.","robots":{"index":"index","follow":"follow","max-snippet":"max-snippet:-1","max-image-preview":"max-image-preview:large","max-video-preview":"max-video-preview:-1"},"canonical":"https:\/\/nutriquebec.com\/en\/tools\/","og_locale":"en_US","og_type":"article","og_title":"Tools - NutriQu\u00e9bec","og_description":"Acteurs de sant\u00e9 publique, professionnels de la sant\u00e9, chercheurs, vous pouvez vous abonner \u00e0 l'infolettre afin d'\u00eatre tenus inform\u00e9s des aspects scientifiques du projet. Vous pouvez \u00e9galement nous aider \u00e0 diffuser l'annonce de recrutement et \u00e0 faire la promotion du projet en utilisant les outils disponibles ici bas.","og_url":"https:\/\/nutriquebec.com\/en\/tools\/","og_site_name":"NutriQu\u00e9bec","article_publisher":"https:\/\/www.facebook.com\/NutriQuebec\/","article_modified_time":"2023-04-20T14:08:38+00:00","twitter_card":"summary_large_image","schema":{"@context":"https:\/\/schema.org","@graph":[{"@type":"WebPage","@id":"https:\/\/nutriquebec.com\/en\/tools\/","url":"https:\/\/nutriquebec.com\/en\/tools\/","name":"Tools - NutriQu\u00e9bec","isPartOf":{"@id":"https:\/\/nutriquebec.com\/#website"},"datePublished":"2020-03-09T19:59:02+00:00","dateModified":"2023-04-20T14:08:38+00:00","description":"Acteurs de sant\u00e9 publique, professionnels de la sant\u00e9, chercheurs, vous pouvez vous abonner \u00e0 l'infolettre afin d'\u00eatre tenus inform\u00e9s des aspects scientifiques du projet. Vous pouvez \u00e9galement nous aider \u00e0 diffuser l'annonce de recrutement et \u00e0 faire la promotion du projet en utilisant les outils disponibles ici bas.","breadcrumb":{"@id":"https:\/\/nutriquebec.com\/en\/tools\/#breadcrumb"},"inLanguage":"en-US","potentialAction":[{"@type":"ReadAction","target":["https:\/\/nutriquebec.com\/en\/tools\/"]}]},{"@type":"BreadcrumbList","@id":"https:\/\/nutriquebec.com\/en\/tools\/#breadcrumb","itemListElement":[{"@type":"ListItem","position":1,"name":"Home","item":"https:\/\/nutriquebec.com\/en\/"},{"@type":"ListItem","position":2,"name":"Tools"}]},{"@type":"WebSite","@id":"https:\/\/nutriquebec.com\/#website","url":"https:\/\/nutriquebec.com\/","name":"NutriQu\u00e9bec","description":"","publisher":{"@id":"https:\/\/nutriquebec.com\/#organization"},"potentialAction":[{"@type":"SearchAction","target":{"@type":"EntryPoint","urlTemplate":"https:\/\/nutriquebec.com\/?s={search_term_string}"},"query-input":{"@type":"PropertyValueSpecification","valueRequired":true,"valueName":"search_term_string"}}],"inLanguage":"en-US"},{"@type":"Organization","@id":"https:\/\/nutriquebec.com\/#organization","name":"Institut sur la nutrition et les aliments fonctionnels","url":"https:\/\/nutriquebec.com\/","logo":{"@type":"ImageObject","inLanguage":"en-US","@id":"https:\/\/nutriquebec.com\/#\/schema\/logo\/image\/","url":"https:\/\/nutriquebec.com\/wp-content\/uploads\/2019\/03\/INAF.png","contentUrl":"https:\/\/nutriquebec.com\/wp-content\/uploads\/2019\/03\/INAF.png","width":581,"height":214,"caption":"Institut sur la nutrition et les aliments fonctionnels"},"image":{"@id":"https:\/\/nutriquebec.com\/#\/schema\/logo\/image\/"},"sameAs":["https:\/\/www.facebook.com\/NutriQuebec\/"]}]}},"_links":{"self":[{"href":"https:\/\/nutriquebec.com\/en\/wp-json\/wp\/v2\/pages\/2078","targetHints":{"allow":["GET"]}}],"collection":[{"href":"https:\/\/nutriquebec.com\/en\/wp-json\/wp\/v2\/pages"}],"about":[{"href":"https:\/\/nutriquebec.com\/en\/wp-json\/wp\/v2\/types\/page"}],"author":[{"embeddable":true,"href":"https:\/\/nutriquebec.com\/en\/wp-json\/wp\/v2\/users\/3"}],"replies":[{"embeddable":true,"href":"https:\/\/nutriquebec.com\/en\/wp-json\/wp\/v2\/comments?post=2078"}],"version-history":[{"count":29,"href":"https:\/\/nutriquebec.com\/en\/wp-json\/wp\/v2\/pages\/2078\/revisions"}],"predecessor-version":[{"id":2459,"href":"https:\/\/nutriquebec.com\/en\/wp-json\/wp\/v2\/pages\/2078\/revisions\/2459"}],"wp:attachment":[{"href":"https:\/\/nutriquebec.com\/en\/wp-json\/wp\/v2\/media?parent=2078"}],"curies":[{"name":"wp","href":"https:\/\/api.w.org\/{rel}","templated":true}]}}